{"id":3344,"date":"2020-01-10T13:47:09","date_gmt":"2020-01-10T12:47:09","guid":{"rendered":"https:\/\/www.rolf-benz.com\/pages\/datenschutz\/?page_id=3344"},"modified":"2024-06-26T17:18:35","modified_gmt":"2024-06-26T15:18:35","slug":"datenschutz-fuer-bewerber_deutsch","status":"publish","type":"page","link":"https:\/\/www.rolf-benz.com\/pages\/datenschutz\/datenschutz-fuer-bewerber_deutsch\/","title":{"rendered":"datenschutz-fuer-bewerber_deutsch"},"content":{"rendered":"<p><div class=\"fusion-fullwidth fullwidth-box fusion-builder-row-1 nonhundred-percent-fullwidth non-hundred-percent-height-scrolling\" style=\"--awb-border-radius-top-left:0px;--awb-border-radius-top-right:0px;--awb-border-radius-bottom-right:0px;--awb-border-radius-bottom-left:0px;--awb-flex-wrap:wrap;\" ><div class=\"fusion-builder-row fusion-row\"><div class=\"fusion-layout-column fusion_builder_column fusion-builder-column-0 fusion_builder_column_1_1 1_1 fusion-one-full fusion-column-first fusion-column-last\" style=\"--awb-bg-size:cover;\"><div class=\"fusion-column-wrapper fusion-column-has-shadow fusion-flex-column-wrapper-legacy\"><div class=\"fusion-title title fusion-title-1 fusion-sep-none fusion-title-text fusion-title-size-three\" style=\"--awb-margin-top:40px;--awb-margin-top-small:40px;--awb-margin-right-small:0px;--awb-margin-left-small:0px;\"><h3 class=\"fusion-title-heading title-heading-left fusion-responsive-typography-calculated\" style=\"margin:0;--fontSize:28;line-height:1.6;\"><p class=\"text_column\">Datenschutzinformation f\u00fcr Bewerber<\/p><\/h3><\/div><div class=\"fusion-sep-clear\"><\/div><div class=\"fusion-separator fusion-full-width-sep\" style=\"margin-left: auto;margin-right: auto;margin-top:-20px;width:100%;\"><div class=\"fusion-separator-border sep-single sep-solid\" style=\"--awb-height:20px;--awb-amount:20px;border-color:#e0dede;border-top-width:1px;\"><\/div><\/div><div class=\"fusion-sep-clear\"><\/div><div class=\"fusion-text fusion-text-1\"><h4>Diese Datenschutzinformation f\u00fcr Bewerber unterrichtet Sie \u00fcber die Verarbeitung Ihrer personenbezogenen Daten bei der Rolf Benz AG &amp; Co. KG und ihren Abteilungen. Zu Ihren personenbezogenen Daten geh\u00f6ren gem. Art. 4 (1) DS-GVO alle Informationen, die sich auf Ihre Person beziehen oder beziehen lassen, insbesondere mittels Zuordnung zu einer Kennung wie einem Namen oder zu einer Organisations- oder Personalnummer, mit der Ihre Person identifiziert werden kann.<\/h4>\n<\/div><div class=\"fusion-clearfix\"><\/div><\/div><\/div><\/div><\/div><div class=\"fusion-fullwidth fullwidth-box fusion-builder-row-2 nonhundred-percent-fullwidth non-hundred-percent-height-scrolling\" style=\"--awb-border-radius-top-left:0px;--awb-border-radius-top-right:0px;--awb-border-radius-bottom-right:0px;--awb-border-radius-bottom-left:0px;--awb-flex-wrap:wrap;\" ><div class=\"fusion-builder-row fusion-row\"><div class=\"fusion-layout-column fusion_builder_column fusion-builder-column-1 fusion_builder_column_1_1 1_1 fusion-one-full fusion-column-first fusion-column-last\" style=\"--awb-bg-size:cover;\"><div class=\"fusion-column-wrapper fusion-column-has-shadow fusion-flex-column-wrapper-legacy\"><div class=\"fusion-title title fusion-title-2 fusion-sep-none fusion-title-text fusion-title-size-three\" style=\"--awb-margin-top:40px;--awb-margin-top-small:40px;--awb-margin-right-small:0px;--awb-margin-left-small:0px;\"><h3 class=\"fusion-title-heading title-heading-left fusion-responsive-typography-calculated\" style=\"margin:0;--fontSize:28;line-height:1.6;\"><p class=\"text_column\">Pers\u00f6nliche Informationen und personenbezogene Daten:<\/p><\/h3><\/div><div class=\"fusion-sep-clear\"><\/div><div class=\"fusion-separator fusion-full-width-sep\" style=\"margin-left: auto;margin-right: auto;margin-top:-20px;width:100%;\"><div class=\"fusion-separator-border sep-single sep-solid\" style=\"--awb-height:20px;--awb-amount:20px;border-color:#e0dede;border-top-width:1px;\"><\/div><\/div><div class=\"fusion-sep-clear\"><\/div><div class=\"fusion-text fusion-text-2\"><h4>Die Rolf Benz AG &amp; Co. KG erhebt und verarbeitet folgende personenbezogenen Daten Informationen (sowohl in Papierformat als auch in digitaler Form), die von Ihnen durch Ihre Bewerbung zur Verf\u00fcgung gestellt worden sind (kollektiv, \u201eBewerberdaten\u201c):<\/h4>\n<\/div><div class=\"fusion-text fusion-text-3\"><h4>\u2022 Kontaktdaten, wie Ihren Namen, Adresse, Telefonnummer und E-Mail-Adresse;<br \/>\n\u2022 Informationen zu Ihren professionellen Erfahrungen und F\u00e4higkeiten, sowie auch die bisherige Erwerbst\u00e4tigkeit, Sprachkenntnisse, Leistungsbeurteilung, Bewertungen und Quoten;<br \/>\n\u2022 Foto (falls freiwillig hinzugef\u00fcgt).<\/h4>\n<\/div><div class=\"fusion-text fusion-text-4\"><h4>Es ist nicht vorgesehen, dass besondere Arten von personenbezogenen Daten verarbeitet werden. Sollten Sie diese jedoch mitteilen, wie z. B. Gesundheitsdaten, werden auch diese Daten verarbeitet.<\/h4>\n<\/div><div class=\"fusion-text fusion-text-5\"><h4>\u2022 Notwendigkeit der Einstellung (Art. 88 DS-GVO in Verbindung mit \u00a7 26 BDSG (neu));<br \/>\n\u2022 Berechtigtes Interesse der Rolf Benz AG &amp; Co. KG, Ihrer Tochtergesellschaften oder eines Dritten, bei denen das berechtigte Interesse in einem besonderen Bewerbungsmanagement (Art. 6 (1) lit. f DS-GVO vorliegt;<br \/>\n\u2022 Einwilligung, falls von Ihnen zur Verf\u00fcgung gestellt und gesetzlich (Art. 6 (1) lit. a DS-GVO in Verbindung mit Art. 88 DS-GVO und \u00a7 26 (2) BDSG (neu)) festgehalten;<br \/>\n\u2022 Einhaltung gesetzlicher Vorschriften (Art. 6 (1) lit. c DS-GVO).<\/h4>\n<\/div><div class=\"fusion-text fusion-text-6\"><h4>Die Bereitstellung von solchen Daten erfolgt auf freiwilliger Basis. Sollten diese Informationen nicht zur Verf\u00fcgung gestellt werden, k\u00f6nnte es den Einstellungsprozess verhindern, sodass die Rolf Benz AG &amp; Co. KG Ihre Bewerbung leider nicht ber\u00fccksichtigen kann.<\/h4>\n<\/div><div class=\"fusion-clearfix\"><\/div><\/div><\/div><\/div><\/div><div class=\"fusion-fullwidth fullwidth-box fusion-builder-row-3 nonhundred-percent-fullwidth non-hundred-percent-height-scrolling\" style=\"--awb-border-radius-top-left:0px;--awb-border-radius-top-right:0px;--awb-border-radius-bottom-right:0px;--awb-border-radius-bottom-left:0px;--awb-flex-wrap:wrap;\" ><div class=\"fusion-builder-row fusion-row\"><div class=\"fusion-layout-column fusion_builder_column fusion-builder-column-2 fusion_builder_column_1_1 1_1 fusion-one-full fusion-column-first fusion-column-last\" style=\"--awb-bg-size:cover;\"><div class=\"fusion-column-wrapper fusion-column-has-shadow fusion-flex-column-wrapper-legacy\"><div class=\"fusion-title title fusion-title-3 fusion-sep-none fusion-title-text fusion-title-size-three\" style=\"--awb-margin-top:40px;--awb-margin-top-small:40px;--awb-margin-right-small:0px;--awb-margin-left-small:0px;\"><h3 class=\"fusion-title-heading title-heading-left fusion-responsive-typography-calculated\" style=\"margin:0;--fontSize:28;line-height:1.6;\"><p class=\"text_column\">Empf\u00e4ngerkategorien:<\/p><\/h3><\/div><div class=\"fusion-sep-clear\"><\/div><div class=\"fusion-separator fusion-full-width-sep\" style=\"margin-left: auto;margin-right: auto;margin-top:-20px;width:100%;\"><div class=\"fusion-separator-border sep-single sep-solid\" style=\"--awb-height:20px;--awb-amount:20px;border-color:#e0dede;border-top-width:1px;\"><\/div><\/div><div class=\"fusion-sep-clear\"><\/div><div class=\"fusion-text fusion-text-7\"><h4>Die Rolf Benz AG &amp; Co. KG wird die personenbezogenen Daten innerhalb der Personalabteilung sowie auch in der relevanten Abteilung verarbeiten. Die Rolf Benz AG &amp; Co. KG kann die Informationen zu folgenden Verarbeitungszwecken an Dritte weitergeben:<\/h4>\n<h4>\u2022 Innerhalb der Gruppe: Die Rolf Benz AG &amp; Co. KG darf Ihre personenbezogenen Daten an weitere Konzernmitglieder, solange es f\u00fcr die Position erforderlich ist, weitergeben. Der Zugang zu Ihren personenbezogenen Daten ist auf den Personenkreis beschr\u00e4nkt, der die Informationen f\u00fcr die Erf\u00fcllung ihrer T\u00e4tigkeiten ben\u00f6tigt.<br \/>\n\u2022 Datenverarbeitungsunternehmen: Bestimmte Dritte d\u00fcrfen Ihre personenbezogenen Daten zur Verarbeitung unter entsprechenden Anweisungen (\u201eDatenverarbeiter\u201c) erhalten, soweit dies f\u00fcr die Verarbeitungszwecke erforderlich ist. Die Datenverarbeitungsunternehmen sind vertraglich verpflichtet, entsprechende technische und organisatorische Ma\u00dfnahmen zu implementieren, um die personenbezogenen Daten zu sch\u00fctzen und so zu bearbeiten, wie vertraglich vorgegeben.<\/h4>\n<\/div><div class=\"fusion-clearfix\"><\/div><\/div><\/div><\/div><\/div><div class=\"fusion-fullwidth fullwidth-box fusion-builder-row-4 nonhundred-percent-fullwidth non-hundred-percent-height-scrolling\" style=\"--awb-border-radius-top-left:0px;--awb-border-radius-top-right:0px;--awb-border-radius-bottom-right:0px;--awb-border-radius-bottom-left:0px;--awb-flex-wrap:wrap;\" ><div class=\"fusion-builder-row fusion-row\"><div class=\"fusion-layout-column fusion_builder_column fusion-builder-column-3 fusion_builder_column_1_1 1_1 fusion-one-full fusion-column-first fusion-column-last\" style=\"--awb-bg-size:cover;\"><div class=\"fusion-column-wrapper fusion-column-has-shadow fusion-flex-column-wrapper-legacy\"><div class=\"fusion-title title fusion-title-4 fusion-sep-none fusion-title-text fusion-title-size-three\" style=\"--awb-margin-top:40px;--awb-margin-top-small:40px;--awb-margin-right-small:0px;--awb-margin-left-small:0px;\"><h3 class=\"fusion-title-heading title-heading-left fusion-responsive-typography-calculated\" style=\"margin:0;--fontSize:28;line-height:1.6;\"><p class=\"text_column\">Aufbewahrungsfrist:<\/p><\/h3><\/div><div class=\"fusion-sep-clear\"><\/div><div class=\"fusion-separator fusion-full-width-sep\" style=\"margin-left: auto;margin-right: auto;margin-top:-20px;width:100%;\"><div class=\"fusion-separator-border sep-single sep-solid\" style=\"--awb-height:20px;--awb-amount:20px;border-color:#e0dede;border-top-width:1px;\"><\/div><\/div><div class=\"fusion-sep-clear\"><\/div><div class=\"fusion-text fusion-text-8\"><h4>Die Bewerbungsdaten werden solange wie erforderlich von der Rolf Benz AG &amp; Co. KG und unseren Dienstleistern in dem Umfang gespeichert, der f\u00fcr die Erf\u00fcllung unserer Verpflichtung erforderlich ist und h\u00f6chstens f\u00fcr die Zeit, die notwendig ist, um die Zwecke zu erreichen gem. dem geltenden Datenschutzrecht.<\/h4>\n<h4>Sollten Sie sich beworben haben, jedoch keine Zusage bekommen, speichern wir Ihre Bewerbungsunterlagen f\u00fcr weitere 6 Monate. Nach diesen 6 Monaten werden alle Informationen gel\u00f6scht, au\u00dfer diese werden f\u00fcr weitere rechtliche Zwecke sowie eine Klage ben\u00f6tigt. Sollten wir Sie in unserem Bewerberpool hinzuf\u00fcgen wollen, w\u00fcrden wir in unserer Absagemail nach Ihrem Einverst\u00e4ndnis fragen. Sollte dies der Fall sein, w\u00fcrden wir Ihre Bewerbungsunterlagen f\u00fcr eine Neubeurteilung und sp\u00e4ter freiwerdende Stellen f\u00fcr ein weiteres Jahr aufbewahren. Nach Ablauf dieses Jahres werden Ihre Daten vernichtet.<\/h4>\n<\/div><div class=\"fusion-clearfix\"><\/div><\/div><\/div><\/div><\/div><div class=\"fusion-fullwidth fullwidth-box fusion-builder-row-5 nonhundred-percent-fullwidth non-hundred-percent-height-scrolling\" style=\"--awb-border-radius-top-left:0px;--awb-border-radius-top-right:0px;--awb-border-radius-bottom-right:0px;--awb-border-radius-bottom-left:0px;--awb-margin-top:60px;--awb-margin-bottom:60px;--awb-flex-wrap:wrap;\" ><div class=\"fusion-builder-row fusion-row\"><div class=\"fusion-layout-column fusion_builder_column fusion-builder-column-4 fusion_builder_column_1_1 1_1 fusion-one-full fusion-column-first fusion-column-last\" style=\"--awb-bg-size:cover;\"><div class=\"fusion-column-wrapper fusion-column-has-shadow fusion-flex-column-wrapper-legacy\"><div class=\"fusion-title title fusion-title-5 fusion-sep-none fusion-title-text fusion-title-size-three\" style=\"--awb-margin-top:40px;--awb-margin-top-small:40px;--awb-margin-right-small:0px;--awb-margin-left-small:0px;\"><h3 class=\"fusion-title-heading title-heading-left fusion-responsive-typography-calculated\" style=\"margin:0;--fontSize:28;line-height:1.6;\"><p class=\"text_column\">Automatisierte Entscheidungsfindung:<\/p><\/h3><\/div><div class=\"fusion-sep-clear\"><\/div><div class=\"fusion-separator fusion-full-width-sep\" style=\"margin-left: auto;margin-right: auto;margin-top:-20px;width:100%;\"><div class=\"fusion-separator-border sep-single sep-solid\" style=\"--awb-height:20px;--awb-amount:20px;border-color:#e0dede;border-top-width:1px;\"><\/div><\/div><div class=\"fusion-sep-clear\"><\/div><div class=\"fusion-text fusion-text-9\"><h4>Die Rolf Benz AG &amp; Co. KG setzt keine automatisierten Entscheidungsfindungen in Zusammenhang mit der Bewerbung ein.<\/h4>\n<\/div><div class=\"fusion-clearfix\"><\/div><\/div><\/div><\/div><\/div><div class=\"fusion-fullwidth fullwidth-box fusion-builder-row-6 nonhundred-percent-fullwidth non-hundred-percent-height-scrolling\" style=\"--awb-border-radius-top-left:0px;--awb-border-radius-top-right:0px;--awb-border-radius-bottom-right:0px;--awb-border-radius-bottom-left:0px;--awb-margin-top:60px;--awb-margin-bottom:60px;--awb-flex-wrap:wrap;\" ><div class=\"fusion-builder-row fusion-row\"><div class=\"fusion-layout-column fusion_builder_column fusion-builder-column-5 fusion_builder_column_1_1 1_1 fusion-one-full fusion-column-first fusion-column-last\" style=\"--awb-bg-size:cover;\"><div class=\"fusion-column-wrapper fusion-column-has-shadow fusion-flex-column-wrapper-legacy\"><div class=\"fusion-title title fusion-title-6 fusion-sep-none fusion-title-text fusion-title-size-three\" style=\"--awb-margin-top:40px;--awb-margin-top-small:40px;--awb-margin-right-small:0px;--awb-margin-left-small:0px;\"><h3 class=\"fusion-title-heading title-heading-left fusion-responsive-typography-calculated\" style=\"margin:0;--fontSize:28;line-height:1.6;\"><p class=\"text_column\">Verantwortliche Stelle f\u00fcr die Verarbeitung Ihrer pers\u00f6nlichen Daten<\/p><\/h3><\/div><div class=\"fusion-sep-clear\"><\/div><div class=\"fusion-separator fusion-full-width-sep\" style=\"margin-left: auto;margin-right: auto;margin-top:-20px;width:100%;\"><div class=\"fusion-separator-border sep-single sep-solid\" style=\"--awb-height:20px;--awb-amount:20px;border-color:#e0dede;border-top-width:1px;\"><\/div><\/div><div class=\"fusion-sep-clear\"><\/div><div class=\"fusion-text fusion-text-10\"><h4>Die zust\u00e4ndige und verantwortliche Stelle f\u00fcr die Erhebung, Verarbeitung und Nutzung Ihrer pers\u00f6nlichen Daten ist, soweit keine abweichenden vertraglichen Vereinbarungen getroffen worden sind, die Rolf Benz AG &amp; Co. KG in der Bundesrepublik Deutschland.<\/h4>\n<h4>Die Bewerberdaten werden in Bewerbermanagementsystemen gespeichert und verarbeitet. Die technische Installation ist so gestaltet, dass nur ein eng gefasster Kreis von besonders befugten Personen zugriffsberechtigt ist und jeder sonstige Zugriff oder sonstige Kenntnisnahme der Daten nach dem Stand der Technik ausgeschlossen ist.<\/h4>\n<\/div><div class=\"fusion-clearfix\"><\/div><\/div><\/div><\/div><\/div><div class=\"fusion-fullwidth fullwidth-box fusion-builder-row-7 nonhundred-percent-fullwidth non-hundred-percent-height-scrolling\" style=\"--awb-border-radius-top-left:0px;--awb-border-radius-top-right:0px;--awb-border-radius-bottom-right:0px;--awb-border-radius-bottom-left:0px;--awb-margin-top:60px;--awb-margin-bottom:60px;--awb-flex-wrap:wrap;\" ><div class=\"fusion-builder-row fusion-row\"><div class=\"fusion-layout-column fusion_builder_column fusion-builder-column-6 fusion_builder_column_1_1 1_1 fusion-one-full fusion-column-first fusion-column-last\" style=\"--awb-bg-size:cover;\"><div class=\"fusion-column-wrapper fusion-column-has-shadow fusion-flex-column-wrapper-legacy\"><div class=\"fusion-title title fusion-title-7 fusion-sep-none fusion-title-text fusion-title-size-three\" style=\"--awb-margin-top:40px;--awb-margin-top-small:40px;--awb-margin-right-small:0px;--awb-margin-left-small:0px;\"><h3 class=\"fusion-title-heading title-heading-left fusion-responsive-typography-calculated\" style=\"margin:0;--fontSize:28;line-height:1.6;\"><p class=\"text_column\">Ihre Rechte:<\/p><\/h3><\/div><div class=\"fusion-sep-clear\"><\/div><div class=\"fusion-separator fusion-full-width-sep\" style=\"margin-left: auto;margin-right: auto;margin-top:-20px;width:100%;\"><div class=\"fusion-separator-border sep-single sep-solid\" style=\"--awb-height:20px;--awb-amount:20px;border-color:#e0dede;border-top-width:1px;\"><\/div><\/div><div class=\"fusion-sep-clear\"><\/div><div class=\"fusion-text fusion-text-11\"><h4>Sollten Sie Ihr Einverst\u00e4ndnis gegeben haben, haben Sie die M\u00f6glichkeit, dieses jederzeit mit Wirkung auf die Zukunft zu wiederrufen. Diese Widerrufung wird die vorherige Bearbeitung von Daten nicht beeinflussen.<\/h4>\n<h4>Gem\u00e4\u00df der geltenden Datenschutzgesetzte haben Sie das Recht: a) Einsicht in Ihre personenbezogenen Daten zu nehmen; b) die Berichtigung Ihrer personenbezogenen Daten anzusetzen; c) die L\u00f6schung Ihrer personenbezogenen Daten zu beantragen; d) Einschr\u00e4nkungen bei der Verarbeitung Ihrer personenbezogenen Daten vorauszusetzen; e) die \u00dcbertragung Ihrer personenbezogenen Daten anzufordern; f) die Verarbeitung Ihrer personenbezogenen Daten zu wiedersprechen. Beachten Sie, dass die oben genannten Rechte durch nationales Recht beschr\u00e4nkt sein k\u00f6nnten.<\/h4>\n<h4>a) Recht auf Information:<br \/>\nSie haben das Recht, von uns eine Best\u00e4tigung dar\u00fcber zu verlangen, ob Sie betreffende personenbezogene Daten verarbeitet werden; ist dies der Fall, haben Sie ein Recht auf Auskunft \u00fcber diese personenbezogenen Daten.<br \/>\nDas Recht auf Information erstreckt sich \u2013 unter anderem \u2013 auf die Zwecke der Verarbeitung, der betroffenen Kategorien personenbezogener Daten und die Empf\u00e4nger oder Kategorien von Empf\u00e4ngern, gegen\u00fcber denen die personenbezogenen Daten offengelegt wurden oder noch offengelegt werden. Jedoch ist dies kein absolutes Recht, und die Interessen anderer Individuen beschr\u00e4nken m\u00f6glicherweise Ihr Recht auf Information.<br \/>\nSie haben das Recht auf Erhalt einer Kopie der personenbezogenen Daten, die Gegenstand der Verarbeitung sind. F\u00fcr weitere von Ihnen beantragte Kopien k\u00f6nnen wir ein angemessenes Entgelt auf Grundlage der Verwaltungskosten verlangen.<\/h4>\n<h4>b) Recht auf Berichtigung:<br \/>\nSie haben das Recht, von uns eine Berichtigung von unrichtigen personenbezogenen Daten, die Sie betreffen, zu verlangen. Abh\u00e4ngig von dem Zweck der Verarbeitung haben Sie das Recht, unvollst\u00e4ndige personenbezogenen Daten mittels einer Zusatzerkl\u00e4rung vervollst\u00e4ndigt zubekommen.<\/h4>\n<h4>c) Recht auf L\u00f6schung (Recht auf Vergessen):<br \/>\nUnter bestimmten Umst\u00e4nden haben Sie das Recht auf L\u00f6schung von personenbezogenen Daten, die Sie betreffen.<\/h4>\n<h4>d) Recht auf eingeschr\u00e4nkte Verarbeitung:<br \/>\nUnter bestimmten Umst\u00e4nden haben Sie das Recht, von uns eine Einschr\u00e4nkung der Verarbeitung Ihrer personenbezogenen Daten zu erhalten. Unter diesen Umst\u00e4nden werden die entsprechenden Daten markiert und nur f\u00fcr einen bestimmten Zweck verarbeitet.<\/h4>\n<h4>e) Recht auf Daten\u00fcbertragung:<br \/>\nUnter bestimmten Umst\u00e4nden haben Sie das Recht, die von Ihnen zur Verf\u00fcgung gestellten personenbezogenen Daten in einem strukturierten, h\u00e4ufig verwendeten und maschinenlesbaren Format zu erhalten und sind berechtigt, diese Daten ungehindert an ein anderes Unternehmen zu \u00fcbermitteln.<\/h4>\n<\/div><div class=\"fusion-clearfix\"><\/div><\/div><\/div><\/div><\/div><div class=\"fusion-fullwidth fullwidth-box fusion-builder-row-8 nonhundred-percent-fullwidth non-hundred-percent-height-scrolling\" style=\"--awb-border-radius-top-left:0px;--awb-border-radius-top-right:0px;--awb-border-radius-bottom-right:0px;--awb-border-radius-bottom-left:0px;--awb-margin-top:60px;--awb-margin-bottom:60px;--awb-flex-wrap:wrap;\" ><div class=\"fusion-builder-row fusion-row\"><div class=\"fusion-layout-column fusion_builder_column fusion-builder-column-7 fusion_builder_column_1_1 1_1 fusion-one-full fusion-column-first fusion-column-last\" style=\"--awb-bg-size:cover;\"><div class=\"fusion-column-wrapper fusion-column-has-shadow fusion-flex-column-wrapper-legacy\"><div class=\"fusion-title title fusion-title-8 fusion-sep-none fusion-title-text fusion-title-size-three\" style=\"--awb-margin-top:40px;--awb-margin-top-small:40px;--awb-margin-right-small:0px;--awb-margin-left-small:0px;\"><h3 class=\"fusion-title-heading title-heading-left fusion-responsive-typography-calculated\" style=\"margin:0;--fontSize:28;line-height:1.6;\"><h4 class=\"text_column\">Sie haben zus\u00e4tzlich das Recht, eine Beschwerde bei der zust\u00e4ndigen Aufsichtsbeh\u00f6rde einzulegen.<\/h4><\/h3><\/div><div class=\"fusion-title title fusion-title-9 fusion-sep-none fusion-title-text fusion-title-size-three\" style=\"--awb-margin-top:40px;--awb-margin-top-small:40px;--awb-margin-right-small:0px;--awb-margin-left-small:0px;\"><h3 class=\"fusion-title-heading title-heading-left fusion-responsive-typography-calculated\" style=\"margin:0;--fontSize:28;line-height:1.6;\"><p class=\"text_column\">Widerspruchsrecht gem\u00e4\u00df Art. 21 Datenschutzgrundverordnung<\/p><\/h3><\/div><div class=\"fusion-sep-clear\"><\/div><div class=\"fusion-separator fusion-full-width-sep\" style=\"margin-left: auto;margin-right: auto;margin-top:-20px;width:100%;\"><div class=\"fusion-separator-border sep-single sep-solid\" style=\"--awb-height:20px;--awb-amount:20px;border-color:#e0dede;border-top-width:1px;\"><\/div><\/div><div class=\"fusion-sep-clear\"><\/div><div class=\"fusion-text fusion-text-12\"><h4>Die betroffene Person hat das Recht, aus Gr\u00fcnden, die sich aus ihrer besonderen Situation ergeben, jederzeit gegen die Verarbeitung der sie betreffenden personenbezogenen Daten, die aufgrund von Artikel 6 Absatz 1 Buchstaben e oder f erfolgt, Widerspruch einzulegen. Da die Rolf Benz AG &amp; Co. KG Ihre personenbezogenen Daten prim\u00e4r f\u00fcr die Zwecke des Vertragsverh\u00e4ltnisses mit Ihnen verarbeitet und nutzt, hat die Rolf Benz AG &amp; Co. KG grunds\u00e4tzlich ein berechtigtes Interesse, Ihre Daten zu verarbeiten was hingegen Ihren Einschr\u00e4nkungsantrag aufheben wird.<\/h4>\n<h4>Um Ihre Rechte auszu\u00fcben, kontaktieren Sie uns wie folgt:<\/h4>\n<h4>Sollten Sie Fragen bez\u00fcglich der Mitteilung oder Ihrer Rechte haben, melden Sie sich bitte unter:<br \/>\nTel. 07452\/601-320 oder\u00a0<em>personalleitung(at)rolf-benz.com<\/em><\/h4>\n<h4>Den Datenschutzbeauftragten der Rolf Benz AG &amp; Co. KG k\u00f6nnen Sie unter folgenden Kontaktdaten erreichen:<\/h4>\n<h4>ecoprotec<br \/>\nPamplonastra\u00dfe 19<br \/>\n33106 Paderborn<br \/>\nChiara Prei\u00df<br \/>\nDatenschutz<br \/>\nE-Mail:<em> preiss(at)ecoprotec.de<\/em><br \/>\nTelefon 05251 877 888-375<br \/>\nFax 05251 877 888-333<br \/>\nMobil 0151 440 641 23<\/h4>\n<\/div><div class=\"fusion-clearfix\"><\/div><\/div><\/div><\/div><\/div><div class=\"fusion-fullwidth fullwidth-box fusion-builder-row-9 nonhundred-percent-fullwidth non-hundred-percent-height-scrolling\" style=\"--awb-border-radius-top-left:0px;--awb-border-radius-top-right:0px;--awb-border-radius-bottom-right:0px;--awb-border-radius-bottom-left:0px;--awb-flex-wrap:wrap;\" ><div class=\"fusion-builder-row fusion-row\"><div class=\"fusion-layout-column fusion_builder_column fusion-builder-column-8 fusion_builder_column_1_1 1_1 fusion-one-full fusion-column-first fusion-column-last\" style=\"--awb-bg-size:cover;\"><div class=\"fusion-column-wrapper fusion-column-has-shadow fusion-flex-column-wrapper-legacy\"><div class=\"fusion-text fusion-text-13\"><h4 style=\"text-align: left;\">Rolf Benz AG &amp; Co. KG, Nagold<br \/>\nStand: 26. Juni 2024<\/h4>\n<\/div><div class=\"fusion-clearfix\"><\/div><\/div><\/div><\/div><\/div><\/p>\n","protected":false},"excerpt":{"rendered":"","protected":false},"author":1,"featured_media":0,"parent":0,"menu_order":0,"comment_status":"closed","ping_status":"closed","template":"","meta":{"footnotes":""},"class_list":["post-3344","page","type-page","status-publish","hentry"],"_links":{"self":[{"href":"https:\/\/www.rolf-benz.com\/pages\/datenschutz\/wp-json\/wp\/v2\/pages\/3344","targetHints":{"allow":["GET"]}}],"collection":[{"href":"https:\/\/www.rolf-benz.com\/pages\/datenschutz\/wp-json\/wp\/v2\/pages"}],"about":[{"href":"https:\/\/www.rolf-benz.com\/pages\/datenschutz\/wp-json\/wp\/v2\/types\/page"}],"author":[{"embeddable":true,"href":"https:\/\/www.rolf-benz.com\/pages\/datenschutz\/wp-json\/wp\/v2\/users\/1"}],"replies":[{"embeddable":true,"href":"https:\/\/www.rolf-benz.com\/pages\/datenschutz\/wp-json\/wp\/v2\/comments?post=3344"}],"version-history":[{"count":20,"href":"https:\/\/www.rolf-benz.com\/pages\/datenschutz\/wp-json\/wp\/v2\/pages\/3344\/revisions"}],"predecessor-version":[{"id":3643,"href":"https:\/\/www.rolf-benz.com\/pages\/datenschutz\/wp-json\/wp\/v2\/pages\/3344\/revisions\/3643"}],"wp:attachment":[{"href":"https:\/\/www.rolf-benz.com\/pages\/datenschutz\/wp-json\/wp\/v2\/media?parent=3344"}],"curies":[{"name":"wp","href":"https:\/\/api.w.org\/{rel}","templated":true}]}}